{"id":778,"date":"2019-11-10T16:25:58","date_gmt":"2019-11-10T15:25:58","guid":{"rendered":"https:\/\/barbershop-graz.at\/imprint\/"},"modified":"2019-11-15T18:34:12","modified_gmt":"2019-11-15T17:34:12","slug":"imprint","status":"publish","type":"page","link":"https:\/\/barbershop-graz.at\/en\/imprint\/","title":{"rendered":"Imprint"},"content":{"rendered":"<p>[vc_row padding_top=&#8221;30&#8243; padding_bottom=&#8221;30&#8243;][vc_column][vc_column_text]<\/p>\n<h1>Imprint<\/h1>\n<p>[\/vc_column_text][\/vc_column][\/vc_row][vc_row padding_bottom=&#8221;30&#8243;][vc_column][vc_column_text]Holy Tiger Barbershop<br \/>\nOwner J\u00fcrgen Niederl<br \/>\nM\u00fcnzgrabenstra\u00dfe 20<br \/>\n8010 Graz<\/p>\n<p>Hair salon<\/p>\n<p>UID-No: ATU68391117<\/p>\n<p>8010 Graz<br \/>\nM\u00fcnzgrabenstra\u00dfe 20 | Austria<br \/>\nPhone: <a href=\"tel:+432066020830020210\">+43 660 8300 210<\/a><br \/>\nEmail: <a href=\"mailto:office@barbershop-graz.at\">office@barbershop-graz.at<\/a><\/p>\n<p>Professional law:<br \/>\nTrade Regulations: www.ris.bka.gv.at<\/p>\n<p>Consumers have the opportunity to make complaints to the EU&#8217;s online dispute resolution platform: http:\/\/ec.europa.eu\/odr. You can also make any complaint to the e-mail address above.[\/vc_column_text][\/vc_column][\/vc_row]<\/p>\n","protected":false},"excerpt":{"rendered":"<p>[vc_row padding_top=&#8221;30&#8243; padding_bottom=&#8221;30&#8243;][vc_column][vc_column_text] Imprint [\/vc_column_text][\/vc_column][\/vc_row][vc_row padding_bottom=&#8221;30&#8243;][vc_column][vc_column_text]Holy Tiger Barbershop Owner J\u00fcrgen Niederl M\u00fcnzgrabenstra\u00dfe 20 8010 Graz Hair salon UID-No: ATU68391117 8010 Graz M\u00fcnzgrabenstra\u00dfe 20 | Austria Phone: +43 660 8300 210 Email: office@barbershop-graz.at Professional law: Trade Regulations: www.ris.bka.gv.at Consumers have the opportunity to make complaints to the EU&#8217;s online dispute resolution platform: http:\/\/ec.europa.eu\/odr. You can also [&hellip;]<\/p>\n","protected":false},"author":1,"featured_media":0,"parent":0,"menu_order":0,"comment_status":"closed","ping_status":"closed","template":"","meta":{"footnotes":""},"class_list":["post-778","page","type-page","status-publish","hentry"],"yoast_head":"<!-- This site is optimized with the Yoast SEO plugin v24.0 - https:\/\/yoast.com\/wordpress\/plugins\/seo\/ -->\n<title>Imprint | Holy Tiger Barbershop | Barbershop Graz<\/title>\n<meta name=\"robots\" content=\"index, follow, max-snippet:-1, max-image-preview:large, max-video-preview:-1\" \/>\n<link rel=\"canonical\" href=\"https:\/\/barbershop-graz.at\/en\/imprint\/\" \/>\n<meta property=\"og:locale\" content=\"en_US\" \/>\n<meta property=\"og:type\" content=\"article\" \/>\n<meta property=\"og:title\" content=\"Imprint | Holy Tiger Barbershop | Barbershop Graz\" \/>\n<meta property=\"og:description\" content=\"[vc_row padding_top=&#8221;30&#8243; padding_bottom=&#8221;30&#8243;][vc_column][vc_column_text] Imprint [\/vc_column_text][\/vc_column][\/vc_row][vc_row padding_bottom=&#8221;30&#8243;][vc_column][vc_column_text]Holy Tiger Barbershop Owner J\u00fcrgen Niederl M\u00fcnzgrabenstra\u00dfe 20 8010 Graz Hair salon UID-No: ATU68391117 8010 Graz M\u00fcnzgrabenstra\u00dfe 20 | Austria Phone: +43 660 8300 210 Email: office@barbershop-graz.at Professional law: Trade Regulations: www.ris.bka.gv.at Consumers have the opportunity to make complaints to the EU&#8217;s online dispute resolution platform: http:\/\/ec.europa.eu\/odr. You can also [&hellip;]\" \/>\n<meta property=\"og:url\" content=\"https:\/\/barbershop-graz.at\/en\/imprint\/\" \/>\n<meta property=\"og:site_name\" content=\"Holy Tiger Barbershop\" \/>\n<meta property=\"article:publisher\" content=\"https:\/\/www.facebook.com\/HolyXTiger\/\" \/>\n<meta property=\"article:modified_time\" content=\"2019-11-15T17:34:12+00:00\" \/>\n<meta property=\"og:image\" content=\"https:\/\/barbershop-graz.at\/wp-content\/uploads\/2019\/10\/team.jpg\" \/>\n\t<meta property=\"og:image:width\" content=\"2000\" \/>\n\t<meta property=\"og:image:height\" content=\"1333\" \/>\n\t<meta property=\"og:image:type\" content=\"image\/jpeg\" \/>\n<meta name=\"twitter:card\" content=\"summary_large_image\" \/>\n<script type=\"application\/ld+json\" class=\"yoast-schema-graph\">{\"@context\":\"https:\/\/schema.org\",\"@graph\":[{\"@type\":\"WebPage\",\"@id\":\"https:\/\/barbershop-graz.at\/en\/imprint\/\",\"url\":\"https:\/\/barbershop-graz.at\/en\/imprint\/\",\"name\":\"Imprint | Holy Tiger Barbershop | Barbershop Graz\",\"isPartOf\":{\"@id\":\"https:\/\/barbershop-graz.at\/en\/#website\"},\"datePublished\":\"2019-11-10T15:25:58+00:00\",\"dateModified\":\"2019-11-15T17:34:12+00:00\",\"breadcrumb\":{\"@id\":\"https:\/\/barbershop-graz.at\/en\/imprint\/#breadcrumb\"},\"inLanguage\":\"en-US\",\"potentialAction\":[{\"@type\":\"ReadAction\",\"target\":[\"https:\/\/barbershop-graz.at\/en\/imprint\/\"]}]},{\"@type\":\"BreadcrumbList\",\"@id\":\"https:\/\/barbershop-graz.at\/en\/imprint\/#breadcrumb\",\"itemListElement\":[{\"@type\":\"ListItem\",\"position\":1,\"name\":\"Home\",\"item\":\"https:\/\/barbershop-graz.at\/en\/\"},{\"@type\":\"ListItem\",\"position\":2,\"name\":\"Imprint\"}]},{\"@type\":\"WebSite\",\"@id\":\"https:\/\/barbershop-graz.at\/en\/#website\",\"url\":\"https:\/\/barbershop-graz.at\/en\/\",\"name\":\"Holy Tiger Barbershop\",\"description\":\"1st Barbershop in Graz\",\"publisher\":{\"@id\":\"https:\/\/barbershop-graz.at\/en\/#organization\"},\"potentialAction\":[{\"@type\":\"SearchAction\",\"target\":{\"@type\":\"EntryPoint\",\"urlTemplate\":\"https:\/\/barbershop-graz.at\/en\/?s={search_term_string}\"},\"query-input\":{\"@type\":\"PropertyValueSpecification\",\"valueRequired\":true,\"valueName\":\"search_term_string\"}}],\"inLanguage\":\"en-US\"},{\"@type\":\"Organization\",\"@id\":\"https:\/\/barbershop-graz.at\/en\/#organization\",\"name\":\"Holy Tiger Barbershop\",\"url\":\"https:\/\/barbershop-graz.at\/en\/\",\"logo\":{\"@type\":\"ImageObject\",\"inLanguage\":\"en-US\",\"@id\":\"https:\/\/barbershop-graz.at\/en\/#\/schema\/logo\/image\/\",\"url\":\"https:\/\/barbershop-graz.at\/wp-content\/uploads\/2019\/10\/holytiger-logo-quer.png\",\"contentUrl\":\"https:\/\/barbershop-graz.at\/wp-content\/uploads\/2019\/10\/holytiger-logo-quer.png\",\"width\":1000,\"height\":369,\"caption\":\"Holy Tiger Barbershop\"},\"image\":{\"@id\":\"https:\/\/barbershop-graz.at\/en\/#\/schema\/logo\/image\/\"},\"sameAs\":[\"https:\/\/www.facebook.com\/HolyXTiger\/\",\"https:\/\/www.instagram.com\/holytigerbarbershop\/\"]}]}<\/script>\n<!-- \/ Yoast SEO plugin. -->","yoast_head_json":{"title":"Imprint | Holy Tiger Barbershop | Barbershop Graz","robots":{"index":"index","follow":"follow","max-snippet":"max-snippet:-1","max-image-preview":"max-image-preview:large","max-video-preview":"max-video-preview:-1"},"canonical":"https:\/\/barbershop-graz.at\/en\/imprint\/","og_locale":"en_US","og_type":"article","og_title":"Imprint | Holy Tiger Barbershop | Barbershop Graz","og_description":"[vc_row padding_top=&#8221;30&#8243; padding_bottom=&#8221;30&#8243;][vc_column][vc_column_text] Imprint [\/vc_column_text][\/vc_column][\/vc_row][vc_row padding_bottom=&#8221;30&#8243;][vc_column][vc_column_text]Holy Tiger Barbershop Owner J\u00fcrgen Niederl M\u00fcnzgrabenstra\u00dfe 20 8010 Graz Hair salon UID-No: ATU68391117 8010 Graz M\u00fcnzgrabenstra\u00dfe 20 | Austria Phone: +43 660 8300 210 Email: office@barbershop-graz.at Professional law: Trade Regulations: www.ris.bka.gv.at Consumers have the opportunity to make complaints to the EU&#8217;s online dispute resolution platform: http:\/\/ec.europa.eu\/odr. You can also [&hellip;]","og_url":"https:\/\/barbershop-graz.at\/en\/imprint\/","og_site_name":"Holy Tiger Barbershop","article_publisher":"https:\/\/www.facebook.com\/HolyXTiger\/","article_modified_time":"2019-11-15T17:34:12+00:00","og_image":[{"width":2000,"height":1333,"url":"https:\/\/barbershop-graz.at\/wp-content\/uploads\/2019\/10\/team.jpg","type":"image\/jpeg"}],"twitter_card":"summary_large_image","schema":{"@context":"https:\/\/schema.org","@graph":[{"@type":"WebPage","@id":"https:\/\/barbershop-graz.at\/en\/imprint\/","url":"https:\/\/barbershop-graz.at\/en\/imprint\/","name":"Imprint | Holy Tiger Barbershop | Barbershop Graz","isPartOf":{"@id":"https:\/\/barbershop-graz.at\/en\/#website"},"datePublished":"2019-11-10T15:25:58+00:00","dateModified":"2019-11-15T17:34:12+00:00","breadcrumb":{"@id":"https:\/\/barbershop-graz.at\/en\/imprint\/#breadcrumb"},"inLanguage":"en-US","potentialAction":[{"@type":"ReadAction","target":["https:\/\/barbershop-graz.at\/en\/imprint\/"]}]},{"@type":"BreadcrumbList","@id":"https:\/\/barbershop-graz.at\/en\/imprint\/#breadcrumb","itemListElement":[{"@type":"ListItem","position":1,"name":"Home","item":"https:\/\/barbershop-graz.at\/en\/"},{"@type":"ListItem","position":2,"name":"Imprint"}]},{"@type":"WebSite","@id":"https:\/\/barbershop-graz.at\/en\/#website","url":"https:\/\/barbershop-graz.at\/en\/","name":"Holy Tiger Barbershop","description":"1st Barbershop in Graz","publisher":{"@id":"https:\/\/barbershop-graz.at\/en\/#organization"},"potentialAction":[{"@type":"SearchAction","target":{"@type":"EntryPoint","urlTemplate":"https:\/\/barbershop-graz.at\/en\/?s={search_term_string}"},"query-input":{"@type":"PropertyValueSpecification","valueRequired":true,"valueName":"search_term_string"}}],"inLanguage":"en-US"},{"@type":"Organization","@id":"https:\/\/barbershop-graz.at\/en\/#organization","name":"Holy Tiger Barbershop","url":"https:\/\/barbershop-graz.at\/en\/","logo":{"@type":"ImageObject","inLanguage":"en-US","@id":"https:\/\/barbershop-graz.at\/en\/#\/schema\/logo\/image\/","url":"https:\/\/barbershop-graz.at\/wp-content\/uploads\/2019\/10\/holytiger-logo-quer.png","contentUrl":"https:\/\/barbershop-graz.at\/wp-content\/uploads\/2019\/10\/holytiger-logo-quer.png","width":1000,"height":369,"caption":"Holy Tiger Barbershop"},"image":{"@id":"https:\/\/barbershop-graz.at\/en\/#\/schema\/logo\/image\/"},"sameAs":["https:\/\/www.facebook.com\/HolyXTiger\/","https:\/\/www.instagram.com\/holytigerbarbershop\/"]}]}},"_links":{"self":[{"href":"https:\/\/barbershop-graz.at\/en\/wp-json\/wp\/v2\/pages\/778","targetHints":{"allow":["GET"]}}],"collection":[{"href":"https:\/\/barbershop-graz.at\/en\/wp-json\/wp\/v2\/pages"}],"about":[{"href":"https:\/\/barbershop-graz.at\/en\/wp-json\/wp\/v2\/types\/page"}],"author":[{"embeddable":true,"href":"https:\/\/barbershop-graz.at\/en\/wp-json\/wp\/v2\/users\/1"}],"replies":[{"embeddable":true,"href":"https:\/\/barbershop-graz.at\/en\/wp-json\/wp\/v2\/comments?post=778"}],"version-history":[{"count":0,"href":"https:\/\/barbershop-graz.at\/en\/wp-json\/wp\/v2\/pages\/778\/revisions"}],"wp:attachment":[{"href":"https:\/\/barbershop-graz.at\/en\/wp-json\/wp\/v2\/media?parent=778"}],"curies":[{"name":"wp","href":"https:\/\/api.w.org\/{rel}","templated":true}]}}